{"id":62,"date":"2024-02-22T12:26:36","date_gmt":"2024-02-22T11:26:36","guid":{"rendered":"https:\/\/debatepublico.area20.org\/?page_id=62"},"modified":"2024-02-25T13:58:07","modified_gmt":"2024-02-25T12:58:07","slug":"recursos","status":"publish","type":"page","link":"https:\/\/debatepublico.area20.org\/index.php\/recursos\/","title":{"rendered":"Recursos"},"content":{"rendered":"<p>[et_pb_section fb_built=\u00bb1&#8243; admin_label=\u00bbHeader &#038; Post Slider\u00bb _builder_version=\u00bb4.24.2&#8243; _module_preset=\u00bbdefault\u00bb background_color=\u00bbgcid-fc7afca1-7302-4e55-829d-3d445387c282&#8243; collapsed=\u00bbon\u00bb global_colors_info=\u00bb{%22gcid-fc7afca1-7302-4e55-829d-3d445387c282%22:%91%22background_color%22%93}\u00bb][et_pb_row _builder_version=\u00bb4.23.2&#8243; _module_preset=\u00bbdefault\u00bb global_colors_info=\u00bb{}\u00bb][et_pb_column type=\u00bb4_4&#8243; _builder_version=\u00bb4.23.2&#8243; _module_preset=\u00bbdefault\u00bb global_colors_info=\u00bb{}\u00bb][et_pb_text _builder_version=\u00bb4.23.2&#8243; _module_preset=\u00bb0504ffd4-0592-45d4-a200-bf3b5a9f890a\u00bb header_text_color=\u00bbgcid-3c3581c1-f373-4686-aa51-f9f01c8ffd79&#8243; text_orientation=\u00bbcenter\u00bb global_colors_info=\u00bb{%22gcid-3c3581c1-f373-4686-aa51-f9f01c8ffd79%22:%91%22header_text_color%22%93}\u00bb]<\/p>\n<h1>Recursos para el debate p\u00fablico<\/h1>\n<p>[\/et_pb_text][et_pb_post_slider posts_number=\u00bb3&#8243; include_categories=\u00bb1&#8243; show_meta=\u00bboff\u00bb bg_overlay_color=\u00bbrgba(249,244,241,0.85)\u00bb arrows_custom_color=\u00bbgcid-33ba488a-a977-4fcb-9562-ca062f22498f\u00bb dot_nav_custom_color=\u00bbgcid-33ba488a-a977-4fcb-9562-ca062f22498f\u00bb _builder_version=\u00bb4.24.2&#8243; _module_preset=\u00bbdefault\u00bb header_font=\u00bbHedvig Letters Serif||||||||\u00bb header_text_color=\u00bbgcid-3c3581c1-f373-4686-aa51-f9f01c8ffd79&#8243; header_font_size=\u00bb36px\u00bb header_line_height=\u00bb1.4em\u00bb body_font=\u00bbInter||||||||\u00bb body_text_color=\u00bbgcid-75f8feef-8e89-48de-a593-3e169dc48f01&#8243; body_font_size=\u00bb16px\u00bb body_line_height=\u00bb1.8em\u00bb meta_font=\u00bbInter|700|||||||\u00bb meta_text_color=\u00bbgcid-33ba488a-a977-4fcb-9562-ca062f22498f\u00bb meta_font_size=\u00bb14px\u00bb meta_line_height=\u00bb1.6em\u00bb custom_button=\u00bbon\u00bb button_text_size=\u00bb13px\u00bb button_text_color=\u00bb#FFFFFF\u00bb button_bg_color=\u00bbgcid-33ba488a-a977-4fcb-9562-ca062f22498f\u00bb button_border_width=\u00bb0px\u00bb button_border_radius=\u00bb0px\u00bb button_letter_spacing=\u00bb0.16em\u00bb button_font=\u00bbInter|700||on|||||\u00bb button_custom_padding=\u00bb14px|20px|14px|20px|true|true\u00bb header_font_size_tablet=\u00bb20px\u00bb header_font_size_phone=\u00bb16px\u00bb header_font_size_last_edited=\u00bbon|desktop\u00bb body_font_size_tablet=\u00bb15px\u00bb body_font_size_phone=\u00bb14px\u00bb body_font_size_last_edited=\u00bbon|desktop\u00bb text_shadow_style=\u00bbpreset1&#8243; text_shadow_color=\u00bbRGBA(255,255,255,0)\u00bb locked=\u00bboff\u00bb global_colors_info=\u00bb{%22gcid-33ba488a-a977-4fcb-9562-ca062f22498f%22:%91%22button_bg_color%22,%22arrows_custom_color%22,%22dot_nav_custom_color%22,%22arrows_custom_color%22,%22dot_nav_custom_color%22,%22meta_text_color%22%93,%22gcid-3c3581c1-f373-4686-aa51-f9f01c8ffd79%22:%91%22form_field_focus_text_color%22,%22header_text_color%22%93,%22gcid-75f8feef-8e89-48de-a593-3e169dc48f01%22:%91%22text_text_color%22,%22body_text_color%22%93}\u00bb][\/et_pb_post_slider][\/et_pb_column][\/et_pb_row][et_pb_row _builder_version=\u00bb4.24.2&#8243; _module_preset=\u00bbdefault\u00bb global_colors_info=\u00bb{}\u00bb][et_pb_column type=\u00bb4_4&#8243; _builder_version=\u00bb4.24.2&#8243; _module_preset=\u00bbdefault\u00bb hover_enabled=\u00bb0&#8243; global_colors_info=\u00bb{}\u00bb sticky_enabled=\u00bb0&#8243;][et_pb_blog posts_number=\u00bb9&#8243; include_categories=\u00bb1&#8243; show_date=\u00bboff\u00bb show_categories=\u00bboff\u00bb _builder_version=\u00bb4.24.2&#8243; _module_preset=\u00bbe5874d34-7494-401d-b564-62427abf9a16&#8243; hover_enabled=\u00bb0&#8243; locked=\u00bboff\u00bb global_colors_info=\u00bb{%22gcid-f1e65d51-fa2f-4bf0-b2c1-8eab7001e8fd%22:%91%22read_more_text_color%22,%22meta_text_color%22,%22pagination_text_color%22%93,%22gcid-484db635-f953-40b6-926a-828c5cb79840%22:%91%22meta_text_color%22,%22read_more_text_color%22%93}\u00bb sticky_enabled=\u00bb0&#8243;][\/et_pb_blog][\/et_pb_column][\/et_pb_row][\/et_pb_section][et_pb_section fb_built=\u00bb1&#8243; admin_label=\u00bbSubscribe\u00bb _builder_version=\u00bb4.23.2&#8243; _module_preset=\u00bbdefault\u00bb background_color=\u00bbgcid-fc7afca1-7302-4e55-829d-3d445387c282&#8243; collapsed=\u00bbon\u00bb global_colors_info=\u00bb{%22gcid-fc7afca1-7302-4e55-829d-3d445387c282%22:%91%22background_color%22%93}\u00bb][et_pb_row _builder_version=\u00bb4.23.2&#8243; _module_preset=\u00bbdefault\u00bb background_color=\u00bbgcid-33ba488a-a977-4fcb-9562-ca062f22498f\u00bb background_image=\u00bbhttps:\/\/debatepublico.area20.org\/wp-content\/uploads\/2024\/02\/spa-background-07@2x.png\u00bb background_position=\u00bbcenter_left\u00bb background_blend=\u00bbmultiply\u00bb custom_padding=\u00bb6vw|6vw|6vw|6vw|true|true\u00bb global_colors_info=\u00bb{%22gcid-33ba488a-a977-4fcb-9562-ca062f22498f%22:%91%22background_color%22%93}\u00bb][et_pb_column type=\u00bb4_4&#8243; _builder_version=\u00bb4.23.2&#8243; _module_preset=\u00bbdefault\u00bb global_colors_info=\u00bb{}\u00bb][et_pb_text _builder_version=\u00bb4.23.2&#8243; _module_preset=\u00bbc16adb64-7367-4b5e-ad8a-38c9770eea4f\u00bb header_2_text_color=\u00bb#FFFFFF\u00bb text_orientation=\u00bbcenter\u00bb custom_margin=\u00bb||10px||false|false\u00bb global_colors_info=\u00bb{}\u00bb]<\/p>\n<h2>Suscribirte<\/h2>\n<p>[\/et_pb_text][et_pb_text _builder_version=\u00bb4.24.2&#8243; _module_preset=\u00bb0820743c-f5a7-47c5-a769-9b3f0f0a8676&#8243; text_text_color=\u00bbrgba(255,255,255,0.7)\u00bb text_orientation=\u00bbcenter\u00bb global_colors_info=\u00bb{}\u00bb]<\/p>\n<p>Suscr\u00edbete para recibir nuevos recursos para el debate p\u00fablico cuando se publiquen<\/p>\n<div id=\"gtx-trans\" style=\"position: absolute; left: 243px; top: -9px;\">\n<div class=\"gtx-trans-icon\"><\/div>\n<\/div>\n<p>[\/et_pb_text][et_pb_text _builder_version=\u00bb4.24.2&#8243; _module_preset=\u00bbdefault\u00bb global_colors_info=\u00bb{}\u00bb]<\/p>\n<p><span><div class=\"emaillist\" id=\"es_form_f1-n1\"><form action=\"\/index.php\/wp-json\/wp\/v2\/pages\/62#es_form_f1-n1\" method=\"post\" class=\"es_subscription_form es_shortcode_form  es_ajax_subscription_form\" id=\"es_subscription_form_69f42eec10e14\" data-source=\"ig-es\" data-form-id=\"1\"><input type=\"hidden\" name=\"esfpx_form_id\" value=\"1\" \/><input type=\"hidden\" name=\"esfpx_lists[]\" value=\"af2d6bb9a9d2\" \/><input type=\"hidden\" name=\"es\" value=\"subscribe\" \/>\n\t\t\t<input type=\"hidden\" name=\"esfpx_es_form_identifier\" value=\"f1-n1\" \/>\n\t\t\t<input type=\"hidden\" name=\"esfpx_es_email_page\" value=\"62\" \/>\n\t\t\t<input type=\"hidden\" name=\"esfpx_es_email_page_url\" value=\"https:\/\/debatepublico.area20.org\/index.php\/recursos\/\" \/>\n\t\t\t<input type=\"hidden\" name=\"esfpx_status\" value=\"Unconfirmed\" \/>\n\t\t\t<input type=\"hidden\" name=\"esfpx_es-subscribe\" id=\"es-subscribe-69f42eec10e14\" value=\"866fc2911f\" \/>\n\t\t\t<label style=\"position:absolute;top:-99999px;left:-99999px;z-index:-99;\" aria-hidden=\"true\"><span hidden>Por favor, deja este campo vac\u00edo.<\/span><input type=\"email\" name=\"esfpx_es_hp_email\" class=\"es_required_field\" tabindex=\"-1\" autocomplete=\"-1\" value=\"\" \/><\/label><style>form.es_subscription_form[data-form-id=\"1\"] * { box-sizing: border-box; } body {margin: 0;}form[data-form-id=\"1\"] .es-form-field-container .gjs-row{display:flex;justify-content:flex-start;align-items:stretch;flex-wrap:nowrap;}form[data-form-id=\"1\"] .es-form-field-container .gjs-cell{flex-grow:1;flex-basis:100%;}form[data-form-id=\"1\"] .es-form-field-container .gjs-cell[data-highlightable=\"1\"]:empty{border-top-width:1px;border-right-width:1px;border-bottom-width:1px;border-left-width:1px;border-top-style:dashed;border-right-style:dashed;border-bottom-style:dashed;border-left-style:dashed;border-top-color:rgb(204, 204, 204);border-right-color:rgb(204, 204, 204);border-bottom-color:rgb(204, 204, 204);border-left-color:rgb(204, 204, 204);border-image-source:initial;border-image-slice:initial;border-image-width:initial;border-image-outset:initial;border-image-repeat:initial;height:30px;}form[data-form-id=\"1\"] .es-form-field-container .gjs-row .gjs-cell input[type=\"checkbox\"], form[data-form-id=\"1\"] .es-form-field-container .gjs-row .gjs-cell input[type=\"radio\"]{margin-top:0px;margin-right:5px;margin-bottom:0px;margin-left:0px;width:auto;}form[data-form-id=\"1\"] .es-form-field-container .gjs-row{margin-bottom:0.6em;}form[data-form-id=\"1\"] .es-form-field-container label.es-field-label{display:block;}@media (max-width: 320px){form[data-form-id=\"1\"] .es-form-field-container{padding-top:1rem;padding-right:1rem;padding-bottom:1rem;padding-left:1rem;}}<\/style><div class=\"es-form-field-container\"><div class=\"gjs-row\"><div class=\"gjs-cell\"><label for=\"esfpx_name_0fe74ada6116e\" class=\"es-field-label\">Nombre y apellidos<\/label><input type=\"text\" name=\"esfpx_name\" autocomplete=\"off\" placeholder=\"Introduce tu nombre\" id=\"esfpx_name_0fe74ada6116e\" required class=\"es-name\" \/><\/div><\/div><div class=\"gjs-row\"><div class=\"gjs-cell\"><label for=\"esfpx_email_0fe74ada6116e\" class=\"es-field-label\">Email<\/label><input type=\"email\" required name=\"esfpx_email\" autocomplete=\"off\" placeholder=\"Introduce tu email\" id=\"esfpx_email_0fe74ada6116e\" class=\"es-email\" \/><\/div><\/div><div class=\"gjs-row\"><div class=\"gjs-cell\"><input type=\"submit\" name=\"submit\" value=\"Suscr\u00edbete\" \/><\/div><\/div><\/div><span class=\"es_spinner_image\" id=\"spinner-image\"><img decoding=\"async\" src=\"https:\/\/debatepublico.area20.org\/wp-content\/plugins\/email-subscribers\/lite\/public\/images\/spinner.gif\" alt=\"Loading\" \/><\/span><\/form><span class=\"es_subscription_message \" id=\"es_subscription_message_69f42eec10e14\" role=\"alert\" aria-live=\"assertive\"><\/span><\/div><\/span><\/p>\n<p>[\/et_pb_text][\/et_pb_column][\/et_pb_row][\/et_pb_section][et_pb_section fb_built=\u00bb1&#8243; admin_label=\u00bbFooter\u00bb _builder_version=\u00bb4.23.2&#8243; _module_preset=\u00bbdefault\u00bb background_color=\u00bbgcid-fc7afca1-7302-4e55-829d-3d445387c282&#8243; saved_tabs=\u00bball\u00bb collapsed=\u00bbon\u00bb global_colors_info=\u00bb{%22gcid-fc7afca1-7302-4e55-829d-3d445387c282%22:%91%22background_color%22%93}\u00bb][\/et_pb_section]<\/p>\n","protected":false},"excerpt":{"rendered":"<p>Recursos para el debate p\u00fablicoSuscribirteSuscr\u00edbete para recibir nuevos recursos para el debate p\u00fablico cuando se publiquen <div class=\"emaillist\" id=\"es_form_f1-n2\"><form action=\"\/index.php\/wp-json\/wp\/v2\/pages\/62#es_form_f1-n2\" method=\"post\" class=\"es_subscription_form es_shortcode_form  es_ajax_subscription_form\" id=\"es_subscription_form_69f42eec1959c\" data-source=\"ig-es\" data-form-id=\"1\"><input type=\"hidden\" name=\"esfpx_form_id\" value=\"1\" \/><input type=\"hidden\" name=\"esfpx_lists[]\" value=\"af2d6bb9a9d2\" \/><input type=\"hidden\" name=\"es\" value=\"subscribe\" \/>\n\t\t\t<input type=\"hidden\" name=\"esfpx_es_form_identifier\" value=\"f1-n2\" \/>\n\t\t\t<input type=\"hidden\" name=\"esfpx_es_email_page\" value=\"62\" \/>\n\t\t\t<input type=\"hidden\" name=\"esfpx_es_email_page_url\" value=\"https:\/\/debatepublico.area20.org\/index.php\/recursos\/\" \/>\n\t\t\t<input type=\"hidden\" name=\"esfpx_status\" value=\"Unconfirmed\" \/>\n\t\t\t<input type=\"hidden\" name=\"esfpx_es-subscribe\" id=\"es-subscribe-69f42eec1959c\" value=\"866fc2911f\" \/>\n\t\t\t<label style=\"position:absolute;top:-99999px;left:-99999px;z-index:-99;\" aria-hidden=\"true\"><span hidden>Por favor, deja este campo vac\u00edo.<\/span><input type=\"email\" name=\"esfpx_es_hp_email\" class=\"es_required_field\" tabindex=\"-1\" autocomplete=\"-1\" value=\"\" \/><\/label><style>form.es_subscription_form[data-form-id=\"1\"] * { box-sizing: border-box; } body {margin: 0;}form[data-form-id=\"1\"] .es-form-field-container .gjs-row{display:flex;justify-content:flex-start;align-items:stretch;flex-wrap:nowrap;}form[data-form-id=\"1\"] .es-form-field-container .gjs-cell{flex-grow:1;flex-basis:100%;}form[data-form-id=\"1\"] .es-form-field-container .gjs-cell[data-highlightable=\"1\"]:empty{border-top-width:1px;border-right-width:1px;border-bottom-width:1px;border-left-width:1px;border-top-style:dashed;border-right-style:dashed;border-bottom-style:dashed;border-left-style:dashed;border-top-color:rgb(204, 204, 204);border-right-color:rgb(204, 204, 204);border-bottom-color:rgb(204, 204, 204);border-left-color:rgb(204, 204, 204);border-image-source:initial;border-image-slice:initial;border-image-width:initial;border-image-outset:initial;border-image-repeat:initial;height:30px;}form[data-form-id=\"1\"] .es-form-field-container .gjs-row .gjs-cell input[type=\"checkbox\"], form[data-form-id=\"1\"] .es-form-field-container .gjs-row .gjs-cell input[type=\"radio\"]{margin-top:0px;margin-right:5px;margin-bottom:0px;margin-left:0px;width:auto;}form[data-form-id=\"1\"] .es-form-field-container .gjs-row{margin-bottom:0.6em;}form[data-form-id=\"1\"] .es-form-field-container label.es-field-label{display:block;}@media (max-width: 320px){form[data-form-id=\"1\"] .es-form-field-container{padding-top:1rem;padding-right:1rem;padding-bottom:1rem;padding-left:1rem;}}<\/style><div class=\"es-form-field-container\"><div class=\"gjs-row\"><div class=\"gjs-cell\"><label for=\"esfpx_name_0fe74ada6116e\" class=\"es-field-label\">Nombre y apellidos<\/label><input type=\"text\" name=\"esfpx_name\" autocomplete=\"off\" placeholder=\"Introduce tu nombre\" id=\"esfpx_name_0fe74ada6116e\" required class=\"es-name\" \/><\/div><\/div><div class=\"gjs-row\"><div class=\"gjs-cell\"><label for=\"esfpx_email_0fe74ada6116e\" class=\"es-field-label\">Email<\/label><input type=\"email\" required name=\"esfpx_email\" autocomplete=\"off\" placeholder=\"Introduce tu email\" id=\"esfpx_email_0fe74ada6116e\" class=\"es-email\" \/><\/div><\/div><div class=\"gjs-row\"><div class=\"gjs-cell\"><input type=\"submit\" name=\"submit\" value=\"Suscr\u00edbete\" \/><\/div><\/div><\/div><span class=\"es_spinner_image\" id=\"spinner-image\"><img decoding=\"async\" src=\"https:\/\/debatepublico.area20.org\/wp-content\/plugins\/email-subscribers\/lite\/public\/images\/spinner.gif\" alt=\"Loading\" \/><\/span><\/form><span class=\"es_subscription_message \" id=\"es_subscription_message_69f42eec1959c\" role=\"alert\" aria-live=\"assertive\"><\/span><\/div><\/p>\n","protected":false},"author":3,"featured_media":0,"parent":0,"menu_order":0,"comment_status":"closed","ping_status":"closed","template":"","meta":{"_et_pb_use_builder":"on","_et_pb_old_content":"<!-- wp:latest-posts \/-->","_et_gb_content_width":"","_price":"","_stock":"","_tribe_ticket_header":"","_tribe_default_ticket_provider":"","_tribe_ticket_capacity":"0","_ticket_start_date":"","_ticket_end_date":"","_tribe_ticket_show_description":"","_tribe_ticket_show_not_going":false,"_tribe_ticket_use_global_stock":"","_tribe_ticket_global_stock_level":"","_global_stock_mode":"","_global_stock_cap":"","_tribe_rsvp_for_event":"","_tribe_ticket_going_count":"","_tribe_ticket_not_going_count":"","_tribe_tickets_list":"[]","_tribe_ticket_has_attendee_info_fields":false,"footnotes":"","_tec_slr_enabled":"","_tec_slr_layout":""},"class_list":["post-62","page","type-page","status-publish","hentry"],"ticketed":false,"post_mailing_queue_ids":[],"_links":{"self":[{"href":"https:\/\/debatepublico.area20.org\/index.php\/wp-json\/wp\/v2\/pages\/62","targetHints":{"allow":["GET"]}}],"collection":[{"href":"https:\/\/debatepublico.area20.org\/index.php\/wp-json\/wp\/v2\/pages"}],"about":[{"href":"https:\/\/debatepublico.area20.org\/index.php\/wp-json\/wp\/v2\/types\/page"}],"author":[{"embeddable":true,"href":"https:\/\/debatepublico.area20.org\/index.php\/wp-json\/wp\/v2\/users\/3"}],"replies":[{"embeddable":true,"href":"https:\/\/debatepublico.area20.org\/index.php\/wp-json\/wp\/v2\/comments?post=62"}],"version-history":[{"count":11,"href":"https:\/\/debatepublico.area20.org\/index.php\/wp-json\/wp\/v2\/pages\/62\/revisions"}],"predecessor-version":[{"id":199,"href":"https:\/\/debatepublico.area20.org\/index.php\/wp-json\/wp\/v2\/pages\/62\/revisions\/199"}],"wp:attachment":[{"href":"https:\/\/debatepublico.area20.org\/index.php\/wp-json\/wp\/v2\/media?parent=62"}],"curies":[{"name":"wp","href":"https:\/\/api.w.org\/{rel}","templated":true}]}}